{"id":2,"date":"2011-10-12T20:41:22","date_gmt":"2011-10-12T20:41:22","guid":{"rendered":"http:\/\/soszwns.edu.pl\/?page_id=2"},"modified":"2025-09-14T15:25:32","modified_gmt":"2025-09-14T15:25:32","slug":"przykladowa-strona","status":"publish","type":"page","link":"https:\/\/soszwns.edu.pl\/?page_id=2","title":{"rendered":"<strong>OFERTA SOSZW <\/strong>"},"content":{"rendered":"\n<figure class=\"wp-block-image size-large\"><img loading=\"lazy\" decoding=\"async\" width=\"800\" height=\"163\" src=\"https:\/\/soszwns.edu.pl\/wp-content\/uploads\/2023\/03\/nag_2a-800x163.jpg\" alt=\"\" class=\"wp-image-21971\" srcset=\"https:\/\/soszwns.edu.pl\/wp-content\/uploads\/2023\/03\/nag_2a-800x163.jpg 800w, https:\/\/soszwns.edu.pl\/wp-content\/uploads\/2023\/03\/nag_2a-300x61.jpg 300w, https:\/\/soszwns.edu.pl\/wp-content\/uploads\/2023\/03\/nag_2a-768x156.jpg 768w, https:\/\/soszwns.edu.pl\/wp-content\/uploads\/2023\/03\/nag_2a-1536x312.jpg 1536w, https:\/\/soszwns.edu.pl\/wp-content\/uploads\/2023\/03\/nag_2a-2048x416.jpg 2048w\" sizes=\"auto, (max-width: 800px) 100vw, 800px\" \/><\/figure>\n\n\n\n<p>Twoje dziecko posiada orzeczenie o potrzebie kszta\u0142cenia specjalnego &#8211; ma specjalne potrzeby edukacyjne i szukasz dla niego szko\u0142y?<br>Serdecznie zapraszamy do Specjalnego O\u015brodka Szkolno-Wychowawczego w Nowym Siodle<br>Nasz O\u015brodek oferuje wielospecjalistyczn\u0105 pomoc, terapi\u0119 oraz specjalistyczne kszta\u0142cenie dla uczni\u00f3w nies\u0142ysz\u0105cych, s\u0142abos\u0142ysz\u0105cych, oraz z autyzmem, w tym zespo\u0142em Aspergera, afazj\u0105 i wsp\u00f3\u0142istniej\u0105c\u0105 niepe\u0142nosprawno\u015bci\u0105 sprz\u0119\u017con\u0105 \u2013 niepe\u0142nosprawno\u015bci\u0105 intelektualn\u0105 w stopniu lekkim na wszystkich etapach edukacyjnych:<br>\u2022 Szko\u0142a Podstawowa<br>\u2022 Szko\u0142a Bran\u017cowa I Stopnia<\/p>\n\n\n\n<p>Warto wybra\u0107 nasz O\u015brodek, poniewa\u017c zapewniamy:<br>\u2022 Nauk\u0119 w kameralnych zespo\u0142ach klasowych, gdzie dostosujemy metody pracy do indywidualnych potrzeb psychofizycznych dziecka.<br>\u2022 Ca\u0142kowit\u0105 pomoc w zapewnieniu kontynuacji nauki w Szkole Bran\u017cowej I Stopnia, na kierunku kucharz.<br>\u2022 Wykwalifikowanych specjalist\u00f3w z do\u015bwiadczeniem oraz bogat\u0105 baz\u0119 dydaktyczn\u0105. Systematycznie podnosimy w\u0142asne kwalifikacje.<br>\u2022 Indywidualny Program Edukacyjno-Terapeutyczny dla ka\u017cdego ucznia, opracowywany przez zesp\u00f3\u0142 specjalist\u00f3w z udzia\u0142em rodzic\u00f3w. Rodzice staj\u0105 si\u0119 aktywnymi uczestnikami terapii i edukacji swego dziecka.<br>\u2022 Ca\u0142odobow\u0105 opiek\u0119, tak\u017ce w grupach wychowawczych z mo\u017cliwo\u015bci\u0105 zakwaterowania w internacie.<br>\u2022 Zaj\u0119cia specjalistyczne dla uczni\u00f3w, rehabilitacj\u0119 i terapi\u0119 \u2013m.in. programem stymulacji neurosensorycznej metod\u0105 Tomatisa.<br>\u2022 Pomoc psychologiczno- pedagogiczn\u0105 dla uczni\u00f3w.<br>\u2022 R\u00f3\u017cnorodne zaj\u0119cia pozalekcyjne: zaj\u0119cia sportowe oraz ko\u0142a zainteresowa\u0144: szachowe, artystyczne, plastyczne, teatralne, wokalno-muzyczne, taneczne, komputerowe, turystyczne i inne w zale\u017cno\u015bci od zainteresowa\u0144 uczni\u00f3w.<br>\u2022 Atrakcyjne imprezy edukacyjne, rekreacyjne i artystyczne, wycieczki wyjazdowe i imprezy plenerowe dla uczni\u00f3w, zaj\u0119cia rekreacyjno \u2013sportowe.<br>\u2022 Udzia\u0142 uczni\u00f3w w r\u00f3\u017cnorodnych przegl\u0105dach i konkursach artystycznych oraz zawodach sportowych.<\/p>\n\n\n\n<p><\/p>\n\n\n\n<p>Kontakt<br>Nowe Siod\u0142o 73, 58-350 Mierosz\u00f3w<br>telefon: 748458223<br>e-mail: sekretariat@soszwns.edu.pl<\/p>\n\n\n\n<p class=\"has-text-align-right\"><strong>Serdecznie zapraszam<br>Dorota B\u0142a\u017cejowska<br>Dyrektor SOSZW w Nowym Siodle<\/strong><\/p>\n\n\n\n<figure class=\"wp-block-image size-large\"><img loading=\"lazy\" decoding=\"async\" width=\"800\" height=\"163\" src=\"https:\/\/soszwns.edu.pl\/wp-content\/uploads\/2023\/03\/nag_1a-800x163.jpg\" alt=\"\" class=\"wp-image-21972\" srcset=\"https:\/\/soszwns.edu.pl\/wp-content\/uploads\/2023\/03\/nag_1a-800x163.jpg 800w, https:\/\/soszwns.edu.pl\/wp-content\/uploads\/2023\/03\/nag_1a-300x61.jpg 300w, https:\/\/soszwns.edu.pl\/wp-content\/uploads\/2023\/03\/nag_1a-768x156.jpg 768w, https:\/\/soszwns.edu.pl\/wp-content\/uploads\/2023\/03\/nag_1a-1536x312.jpg 1536w, https:\/\/soszwns.edu.pl\/wp-content\/uploads\/2023\/03\/nag_1a-2048x416.jpg 2048w\" sizes=\"auto, (max-width: 800px) 100vw, 800px\" \/><\/figure>\n","protected":false},"excerpt":{"rendered":"<p>Twoje dziecko posiada orzeczenie o potrzebie kszta\u0142cenia specjalnego &#8211; ma specjalne potrzeby edukacyjne i szukasz dla niego szko\u0142y?Serdecznie zapraszamy do Specjalnego O\u015brodka Szkolno-Wychowawczego w Nowym SiodleNasz O\u015brodek oferuje wielospecjalistyczn\u0105 pomoc, terapi\u0119 oraz specjalistyczne kszta\u0142cenie dla uczni\u00f3w nies\u0142ysz\u0105cych, s\u0142abos\u0142ysz\u0105cych, oraz z autyzmem, w tym zespo\u0142em Aspergera, afazj\u0105 i wsp\u00f3\u0142istniej\u0105c\u0105 niepe\u0142nosprawno\u015bci\u0105 sprz\u0119\u017con\u0105 \u2013 niepe\u0142nosprawno\u015bci\u0105 intelektualn\u0105 w stopniu [&hellip;]<\/p>\n","protected":false},"author":1,"featured_media":0,"parent":0,"menu_order":0,"comment_status":"open","ping_status":"open","template":"","meta":{"ngg_post_thumbnail":0,"footnotes":""},"class_list":["post-2","page","type-page","status-publish","hentry"],"_links":{"self":[{"href":"https:\/\/soszwns.edu.pl\/index.php?rest_route=\/wp\/v2\/pages\/2","targetHints":{"allow":["GET"]}}],"collection":[{"href":"https:\/\/soszwns.edu.pl\/index.php?rest_route=\/wp\/v2\/pages"}],"about":[{"href":"https:\/\/soszwns.edu.pl\/index.php?rest_route=\/wp\/v2\/types\/page"}],"author":[{"embeddable":true,"href":"https:\/\/soszwns.edu.pl\/index.php?rest_route=\/wp\/v2\/users\/1"}],"replies":[{"embeddable":true,"href":"https:\/\/soszwns.edu.pl\/index.php?rest_route=%2Fwp%2Fv2%2Fcomments&post=2"}],"version-history":[{"count":0,"href":"https:\/\/soszwns.edu.pl\/index.php?rest_route=\/wp\/v2\/pages\/2\/revisions"}],"wp:attachment":[{"href":"https:\/\/soszwns.edu.pl\/index.php?rest_route=%2Fwp%2Fv2%2Fmedia&parent=2"}],"curies":[{"name":"wp","href":"https:\/\/api.w.org\/{rel}","templated":true}]}}