{"id":22896,"date":"2024-10-08T08:09:15","date_gmt":"2024-10-08T08:09:15","guid":{"rendered":"https:\/\/soszwns.edu.pl\/?page_id=22896"},"modified":"2025-09-13T09:34:51","modified_gmt":"2025-09-13T09:34:51","slug":"plan-konsultacji","status":"publish","type":"page","link":"https:\/\/soszwns.edu.pl\/?page_id=22896","title":{"rendered":"PLAN KONSULTACJI"},"content":{"rendered":"\n\n\n<p>Zapraszamy od poniedzia\u0142ku do pi\u0105tku, po wcze\u015bniejszym (np. telefonicznym) ustaleniu terminu z nauczycielem\/wychowawc\u0105\/rewalidatorem\/terapeut\u0105.  <\/p>\n\n\n\n<pre class=\"wp-block-verse\"><\/pre>\n","protected":false},"excerpt":{"rendered":"<p>Zapraszamy od poniedzia\u0142ku do pi\u0105tku, po wcze\u015bniejszym (np. telefonicznym) ustaleniu terminu z nauczycielem\/wychowawc\u0105\/rewalidatorem\/terapeut\u0105.<\/p>\n","protected":false},"author":1,"featured_media":0,"parent":0,"menu_order":0,"comment_status":"closed","ping_status":"closed","template":"","meta":{"ngg_post_thumbnail":0,"footnotes":""},"class_list":["post-22896","page","type-page","status-publish","hentry"],"_links":{"self":[{"href":"https:\/\/soszwns.edu.pl\/index.php?rest_route=\/wp\/v2\/pages\/22896","targetHints":{"allow":["GET"]}}],"collection":[{"href":"https:\/\/soszwns.edu.pl\/index.php?rest_route=\/wp\/v2\/pages"}],"about":[{"href":"https:\/\/soszwns.edu.pl\/index.php?rest_route=\/wp\/v2\/types\/page"}],"author":[{"embeddable":true,"href":"https:\/\/soszwns.edu.pl\/index.php?rest_route=\/wp\/v2\/users\/1"}],"replies":[{"embeddable":true,"href":"https:\/\/soszwns.edu.pl\/index.php?rest_route=%2Fwp%2Fv2%2Fcomments&post=22896"}],"version-history":[{"count":0,"href":"https:\/\/soszwns.edu.pl\/index.php?rest_route=\/wp\/v2\/pages\/22896\/revisions"}],"wp:attachment":[{"href":"https:\/\/soszwns.edu.pl\/index.php?rest_route=%2Fwp%2Fv2%2Fmedia&parent=22896"}],"curies":[{"name":"wp","href":"https:\/\/api.w.org\/{rel}","templated":true}]}}