{"id":37,"date":"2011-10-13T11:48:49","date_gmt":"2011-10-13T11:48:49","guid":{"rendered":"http:\/\/soszwns.edu.pl\/?page_id=37"},"modified":"2022-05-27T10:46:07","modified_gmt":"2022-05-27T10:46:07","slug":"37-2","status":"publish","type":"page","link":"https:\/\/soszwns.edu.pl\/?page_id=37","title":{"rendered":"Kontakt"},"content":{"rendered":"<p>Specjalny O\u015brodek Szkolno-Wychowawczy<br \/>\nNowe Siod\u0142o 73<br \/>\n58-350 Mierosz\u00f3w, tel.\/fax. 74 84-58-223<br \/>\nemail: sekretariat@soszwns.edu.pl<\/p>\n<table>\n<tbody>\n<tr>\n<td>\n<iframe loading=\"lazy\" src=\"http:\/\/maps.google.com\/maps?f=q&amp;source=embed&amp;hl=pl&amp;geocode=&amp;q=Nowe+Siod%C5%82o,+Polska&amp;aq=0&amp;sll=37.0625,-95.677068&amp;sspn=39.371738,86.220703&amp;vpsrc=0&amp;ie=UTF8&amp;hq=&amp;hnear=Nowe+Siod%C5%82o,+wa%C5%82brzyski,+dolno%C5%9Bl%C4%85skie,+Polska&amp;t=m&amp;z=14&amp;ll=50.658694,16.212567&amp;output=embed\" marginwidth=\"0\" marginheight=\"0\" scrolling=\"no\" width=\"425\" height=\"350\" frameborder=\"0\"><\/iframe><br \/>\n<small><a style=\"color: #0000ff; text-align: left;\" href=\"http:\/\/maps.google.com\/maps?f=q&amp;source=embed&amp;hl=pl&amp;geocode=&amp;q=Nowe+Siod%C5%82o,+Polska&amp;aq=0&amp;sll=37.0625,-95.677068&amp;sspn=39.371738,86.220703&amp;vpsrc=0&amp;ie=UTF8&amp;hq=&amp;hnear=Nowe+Siod%C5%82o,+wa%C5%82brzyski,+dolno%C5%9Bl%C4%85skie,+Polska&amp;t=m&amp;z=14&amp;ll=50.658694,16.212567\">Wy\u015bwietl wi\u0119ksz\u0105 map\u0119<\/a><\/small><\/td>\n<\/tr>\n<\/tbody>\n<\/table>\n<p>&nbsp;<\/p>\n","protected":false},"excerpt":{"rendered":"<p>Specjalny O\u015brodek Szkolno-Wychowawczy Nowe Siod\u0142o 73 58-350 Mierosz\u00f3w, tel.\/fax. 74 84-58-223 email: sekretariat@soszwns.edu.pl Wy\u015bwietl wi\u0119ksz\u0105 map\u0119 &nbsp;<\/p>\n","protected":false},"author":1,"featured_media":0,"parent":0,"menu_order":0,"comment_status":"open","ping_status":"open","template":"","meta":{"ngg_post_thumbnail":0,"footnotes":""},"class_list":["post-37","page","type-page","status-publish","hentry"],"_links":{"self":[{"href":"https:\/\/soszwns.edu.pl\/index.php?rest_route=\/wp\/v2\/pages\/37","targetHints":{"allow":["GET"]}}],"collection":[{"href":"https:\/\/soszwns.edu.pl\/index.php?rest_route=\/wp\/v2\/pages"}],"about":[{"href":"https:\/\/soszwns.edu.pl\/index.php?rest_route=\/wp\/v2\/types\/page"}],"author":[{"embeddable":true,"href":"https:\/\/soszwns.edu.pl\/index.php?rest_route=\/wp\/v2\/users\/1"}],"replies":[{"embeddable":true,"href":"https:\/\/soszwns.edu.pl\/index.php?rest_route=%2Fwp%2Fv2%2Fcomments&post=37"}],"version-history":[{"count":0,"href":"https:\/\/soszwns.edu.pl\/index.php?rest_route=\/wp\/v2\/pages\/37\/revisions"}],"wp:attachment":[{"href":"https:\/\/soszwns.edu.pl\/index.php?rest_route=%2Fwp%2Fv2%2Fmedia&parent=37"}],"curies":[{"name":"wp","href":"https:\/\/api.w.org\/{rel}","templated":true}]}}